{"id":10254,"date":"2022-11-23T01:45:04","date_gmt":"2022-11-23T01:45:04","guid":{"rendered":"https:\/\/doctor100.vn\/?page_id=10254"},"modified":"2023-08-23T09:24:03","modified_gmt":"2023-08-23T09:24:03","slug":"contact","status":"publish","type":"page","link":"https:\/\/doctor100.vn\/en\/contact\/","title":{"rendered":"Contact"},"content":{"rendered":"\t\t<div data-elementor-type=\"wp-page\" data-elementor-id=\"10254\" class=\"elementor elementor-10254 elementor-958\">\n\t\t\t\t\t\t\t<div class=\"elementor-element elementor-element-4423d04 e-flex e-con-boxed e-con e-parent\" data-id=\"4423d04\" data-element_type=\"container\" data-settings=\"{&quot;content_width&quot;:&quot;boxed&quot;}\" data-core-v316-plus=\"true\">\n\t\t\t\t\t<div class=\"e-con-inner\">\n\t\t\t\t<div class=\"elementor-element elementor-element-eb64496 elementor-widget elementor-widget-spacer\" data-id=\"eb64496\" data-element_type=\"widget\" data-widget_type=\"spacer.default\">\n\t\t\t\t<div class=\"elementor-widget-container\">\n\t\t\t<style>\/*! elementor - v3.16.0 - 14-09-2023 *\/\n.elementor-column .elementor-spacer-inner{height:var(--spacer-size)}.e-con{--container-widget-width:100%}.e-con-inner>.elementor-widget-spacer,.e-con>.elementor-widget-spacer{width:var(--container-widget-width,var(--spacer-size));--align-self:var(--container-widget-align-self,initial);--flex-shrink:0}.e-con-inner>.elementor-widget-spacer>.elementor-widget-container,.e-con>.elementor-widget-spacer>.elementor-widget-container{height:100%;width:100%}.e-con-inner>.elementor-widget-spacer>.elementor-widget-container>.elementor-spacer,.e-con>.elementor-widget-spacer>.elementor-widget-container>.elementor-spacer{height:100%}.e-con-inner>.elementor-widget-spacer>.elementor-widget-container>.elementor-spacer>.elementor-spacer-inner,.e-con>.elementor-widget-spacer>.elementor-widget-container>.elementor-spacer>.elementor-spacer-inner{height:var(--container-widget-height,var(--spacer-size))}.e-con-inner>.elementor-widget-spacer.elementor-widget-empty,.e-con>.elementor-widget-spacer.elementor-widget-empty{position:relative;min-height:22px;min-width:22px}.e-con-inner>.elementor-widget-spacer.elementor-widget-empty .elementor-widget-empty-icon,.e-con>.elementor-widget-spacer.elementor-widget-empty .elementor-widget-empty-icon{position:absolute;top:0;bottom:0;left:0;right:0;margin:auto;padding:0;width:22px;height:22px}<\/style>\t\t<div class=\"elementor-spacer\">\n\t\t\t<div class=\"elementor-spacer-inner\"><\/div>\n\t\t<\/div>\n\t\t\t\t<\/div>\n\t\t\t\t<\/div>\n\t\t\t\t\t<\/div>\n\t\t\t\t<\/div>\n\t\t<div class=\"elementor-element elementor-element-87de127 contact-information e-flex e-con-boxed e-con e-parent\" data-id=\"87de127\" data-element_type=\"container\" data-settings=\"{&quot;content_width&quot;:&quot;boxed&quot;}\" data-core-v316-plus=\"true\">\n\t\t\t\t\t<div class=\"e-con-inner\">\n\t\t<div class=\"elementor-element elementor-element-619f8a6 e-con-full e-flex e-con e-parent\" data-id=\"619f8a6\" data-element_type=\"container\" data-settings=\"{&quot;content_width&quot;:&quot;full&quot;}\" data-core-v316-plus=\"true\">\n\t\t\t\t<div class=\"elementor-element elementor-element-5cac2e5 elementor-widget elementor-widget-bzotech_info_box\" data-id=\"5cac2e5\" data-element_type=\"widget\" data-widget_type=\"bzotech_info_box.default\">\n\t\t\t\t<div class=\"elementor-widget-container\">\n\t\t\t<div class=\"bzoteche-info-box-style14 item-info-box flex-wrapper\">\r\n\t\t\t<div class=\"info-box-icon\"><a class=\"item-icon-e title50 color-title elementor-animation-\"><i class=\" las la-map-marker\"><\/i><\/a><\/div><div class=\"info-box-content\"><h3 class=\"item-title-e title34 font-semibold \"><a class=\"sub-color-e  color-title elementor-animation-\">Address<\/a><\/h3><div class=\"item-content-decs-e title20 box-content-custom\"><p>935 Hong Ha Road, Chuong Duong Ward, Hoan Kiem District, Ha Noi city<\/p><\/div><\/div><\/div>\t\t<\/div>\n\t\t\t\t<\/div>\n\t\t\t\t<\/div>\n\t\t<div class=\"elementor-element elementor-element-b1b2fe9 e-con-full e-flex e-con e-parent\" data-id=\"b1b2fe9\" data-element_type=\"container\" data-settings=\"{&quot;content_width&quot;:&quot;full&quot;}\" data-core-v316-plus=\"true\">\n\t\t\t\t<div class=\"elementor-element elementor-element-5edc2e3 elementor-widget__width-initial elementor-widget elementor-widget-bzotech_info_box\" data-id=\"5edc2e3\" data-element_type=\"widget\" data-widget_type=\"bzotech_info_box.default\">\n\t\t\t\t<div class=\"elementor-widget-container\">\n\t\t\t<div class=\"bzoteche-info-box-style14 item-info-box flex-wrapper\">\r\n\t\t\t<div class=\"info-box-icon\"><a class=\"item-icon-e title50 color-title elementor-animation-\"><i class=\" las la-phone-volume\"><\/i><\/a><\/div><div class=\"info-box-content\"><h3 class=\"item-title-e title34 font-semibold \"><a class=\"sub-color-e  color-title elementor-animation-\">Contact<\/a><\/h3><div class=\"item-content-decs-e title20 box-content-custom\"><p>Hotline: +84243 557 7645<\/p><p>Mobile : +84934 539 196<\/p><p>Email: doctor100vn@gmail.com<\/p><\/div><\/div><\/div>\t\t<\/div>\n\t\t\t\t<\/div>\n\t\t\t\t<\/div>\n\t\t<div class=\"elementor-element elementor-element-ed5cbc7 e-con-full e-flex e-con e-parent\" data-id=\"ed5cbc7\" data-element_type=\"container\" data-settings=\"{&quot;content_width&quot;:&quot;full&quot;}\" data-core-v316-plus=\"true\">\n\t\t\t\t<div class=\"elementor-element elementor-element-27f8a6c elementor-widget elementor-widget-bzotech_info_box\" data-id=\"27f8a6c\" data-element_type=\"widget\" data-widget_type=\"bzotech_info_box.default\">\n\t\t\t\t<div class=\"elementor-widget-container\">\n\t\t\t<div class=\"bzoteche-info-box-style14 item-info-box flex-wrapper\">\r\n\t\t\t<div class=\"info-box-icon\"><a class=\"item-icon-e title50 color-title elementor-animation-\"><i class=\" las la-business-time\"><\/i><\/a><\/div><div class=\"info-box-content\"><h3 class=\"item-title-e title34 font-semibold \"><a class=\"sub-color-e  color-title elementor-animation-\">Working time<\/a><\/h3><div class=\"item-content-decs-e title20 box-content-custom\"><p>From Mon - To Sur<\/p><p>Morning : 7:30 \u2013 11:30<\/p><p>Afternoon: 13:00 \u2013 17:00<\/p><\/div><\/div><\/div>\t\t<\/div>\n\t\t\t\t<\/div>\n\t\t\t\t<\/div>\n\t\t\t\t\t<\/div>\n\t\t\t\t<\/div>\n\t\t<div class=\"elementor-element elementor-element-b31cd08 e-con-full e-flex e-con e-parent\" data-id=\"b31cd08\" data-element_type=\"container\" data-settings=\"{&quot;content_width&quot;:&quot;full&quot;}\" data-core-v316-plus=\"true\">\n\t\t\t\t<div class=\"elementor-element elementor-element-9c28989 elementor-widget elementor-widget-google_maps\" data-id=\"9c28989\" data-element_type=\"widget\" data-widget_type=\"google_maps.default\">\n\t\t\t\t<div class=\"elementor-widget-container\">\n\t\t\t<style>\/*! elementor - v3.16.0 - 14-09-2023 *\/\n.elementor-widget-google_maps .elementor-widget-container{overflow:hidden}.elementor-widget-google_maps .elementor-custom-embed{line-height:0}.elementor-widget-google_maps iframe{height:300px}<\/style>\t\t<div class=\"elementor-custom-embed\">\n\t\t\t<iframe loading=\"lazy\"\n\t\t\t\t\tsrc=\"https:\/\/maps.google.com\/maps?q=935%20H%E1%BB%93ng%20H%C3%A0%2C%20ph%C6%B0%E1%BB%9Dng%20Ch%C6%B0%C6%A1ng%20D%C6%B0%C6%A1ng%2C%20Qu%E1%BA%ADn%20Ho%C3%A0n%20Ki%E1%BA%BFm%2C%20tp%20H%C3%A0%20N%E1%BB%99i&#038;t=m&#038;z=14&#038;output=embed&#038;iwloc=near\"\n\t\t\t\t\ttitle=\"935 H\u1ed3ng H\u00e0, ph\u01b0\u1eddng Ch\u01b0\u01a1ng D\u01b0\u01a1ng, Qu\u1eadn Ho\u00e0n Ki\u1ebfm, tp H\u00e0 N\u1ed9i\"\n\t\t\t\t\taria-label=\"935 H\u1ed3ng H\u00e0, ph\u01b0\u1eddng Ch\u01b0\u01a1ng D\u01b0\u01a1ng, Qu\u1eadn Ho\u00e0n Ki\u1ebfm, tp H\u00e0 N\u1ed9i\"\n\t\t\t><\/iframe>\n\t\t<\/div>\n\t\t\t\t<\/div>\n\t\t\t\t<\/div>\n\t\t\t\t<\/div>\n\t\t<div class=\"elementor-element elementor-element-6b994a5 box-contact-page e-flex e-con-boxed e-con e-parent\" data-id=\"6b994a5\" data-element_type=\"container\" data-settings=\"{&quot;content_width&quot;:&quot;boxed&quot;}\" data-core-v316-plus=\"true\">\n\t\t\t\t\t<div class=\"e-con-inner\">\n\t\t<div class=\"elementor-element elementor-element-215567a e-con-full e-flex e-con e-parent\" data-id=\"215567a\" data-element_type=\"container\" data-settings=\"{&quot;content_width&quot;:&quot;full&quot;}\" data-core-v316-plus=\"true\">\n\t\t<div class=\"elementor-element elementor-element-0e676d2 e-flex e-con-boxed e-con e-parent\" data-id=\"0e676d2\" data-element_type=\"container\" data-settings=\"{&quot;background_background&quot;:&quot;classic&quot;,&quot;content_width&quot;:&quot;boxed&quot;}\" data-core-v316-plus=\"true\">\n\t\t\t\t\t<div class=\"e-con-inner\">\n\t\t\t\t<div class=\"elementor-element elementor-element-f5763b2 elementor-widget elementor-widget-bzotech-heading\" data-id=\"f5763b2\" data-element_type=\"widget\" data-widget_type=\"bzotech-heading.default\">\n\t\t\t\t<div class=\"elementor-widget-container\">\n\t\t\t<h2 class=\"elbzotech-heading font-title text-css-e font-semibold title48 color-title elbzotech-heading-style2\">send message<\/h2>\t\t<\/div>\n\t\t\t\t<\/div>\n\t\t\t\t<div class=\"elementor-element elementor-element-96ac4dc box-contact-form elementor-widget elementor-widget-bzotech-heading\" data-id=\"96ac4dc\" data-element_type=\"widget\" data-widget_type=\"bzotech-heading.default\">\n\t\t\t\t<div class=\"elementor-widget-container\">\n\t\t\t<div class=\"elbzotech-text-editor text-css-e\">\n<div class=\"wpcf7 no-js\" id=\"wpcf7-f5035-o1\" lang=\"en-US\" dir=\"ltr\">\n<div class=\"screen-reader-response\"><p role=\"status\" aria-live=\"polite\" aria-atomic=\"true\"><\/p> <ul><\/ul><\/div>\n<form action=\"\/en\/wp-json\/wp\/v2\/pages\/10254#wpcf7-f5035-o1\" method=\"post\" class=\"wpcf7-form init\" aria-label=\"Contact form\" novalidate=\"novalidate\" data-status=\"init\">\n<div style=\"display: none;\">\n<input type=\"hidden\" name=\"_wpcf7\" value=\"5035\" \/>\n<input type=\"hidden\" name=\"_wpcf7_version\" value=\"5.8\" \/>\n<input type=\"hidden\" name=\"_wpcf7_locale\" value=\"en_US\" \/>\n<input type=\"hidden\" name=\"_wpcf7_unit_tag\" value=\"wpcf7-f5035-o1\" \/>\n<input type=\"hidden\" name=\"_wpcf7_container_post\" value=\"0\" \/>\n<input type=\"hidden\" name=\"_wpcf7_posted_data_hash\" value=\"\" \/>\n<\/div>\n<div class=\"bzotech-row\">\n\t<div class=\"bzotech-col-sm-6 bzotech-col-sx-12\">\n\t\t<p><span class=\"wpcf7-form-control-wrap\" data-name=\"your-name\"><input size=\"40\" class=\"wpcf7-form-control wpcf7-text wpcf7-validates-as-required\" autocomplete=\"name\" aria-required=\"true\" aria-invalid=\"false\" placeholder=\"H\u1ecd &amp; T\u00ean\" value=\"\" type=\"text\" name=\"your-name\" \/><\/span>\n\t\t<\/p>\n\t<\/div>\n\t<div class=\"bzotech-col-sm-6 bzotech-col-sx-12\">\n\t\t<p><span class=\"wpcf7-form-control-wrap\" data-name=\"your-email\"><input size=\"40\" class=\"wpcf7-form-control wpcf7-email wpcf7-validates-as-required wpcf7-text wpcf7-validates-as-email\" autocomplete=\"email\" aria-required=\"true\" aria-invalid=\"false\" placeholder=\"Email\" value=\"\" type=\"email\" name=\"your-email\" \/><\/span>\n\t\t<\/p>\n\t<\/div>\n<\/div>\n<p><span class=\"wpcf7-form-control-wrap\" data-name=\"your-message\"><textarea cols=\"40\" rows=\"10\" class=\"wpcf7-form-control wpcf7-textarea\" aria-invalid=\"false\" placeholder=\"N\u1ed9i dung\" name=\"your-message\"><\/textarea><\/span><br \/>\n<input class=\"wpcf7-form-control wpcf7-submit has-spinner elbzotech-bt-default\" type=\"submit\" value=\"\u0110\u0103ng k\u00fd\" \/>\n<\/p><p style=\"display: none !important;\" class=\"akismet-fields-container\" data-prefix=\"_wpcf7_ak_\"><label>&#916;<textarea name=\"_wpcf7_ak_hp_textarea\" cols=\"45\" rows=\"8\" maxlength=\"100\"><\/textarea><\/label><input type=\"hidden\" id=\"ak_js_1\" name=\"_wpcf7_ak_js\" value=\"115\"\/><script>document.getElementById( \"ak_js_1\" ).setAttribute( \"value\", ( new Date() ).getTime() );<\/script><\/p><div class=\"wpcf7-response-output\" aria-hidden=\"true\"><\/div>\n<\/form>\n<\/div>\n<\/div>\t\t<\/div>\n\t\t\t\t<\/div>\n\t\t\t\t\t<\/div>\n\t\t\t\t<\/div>\n\t\t\t\t<\/div>\n\t\t\t\t\t<\/div>\n\t\t\t\t<\/div>\n\t\t\t\t\t\t\t<\/div>\n\t\t","protected":false},"excerpt":{"rendered":"<p>&nbsp; Address 935 Hong Ha Road, Chuong Duong Ward, Hoan Kiem District, Ha Noi city &nbsp; Contact Hotline: +84243 557 7645 Mobile : +84934 539 196 Email: doctor100vn@gmail.com &nbsp; Working time From Mon &#8211; To Sur Morning : 7:30 \u2013 11:30 Afternoon: 13:00 \u2013 17:00 send message<\/p>\n","protected":false},"author":1,"featured_media":0,"parent":0,"menu_order":0,"comment_status":"closed","ping_status":"closed","template":"elementor-template.php","meta":{"footnotes":""},"yst_prominent_words":[],"class_list":["post-10254","page","type-page","status-publish","hentry"],"_links":{"self":[{"href":"https:\/\/doctor100.vn\/en\/wp-json\/wp\/v2\/pages\/10254","targetHints":{"allow":["GET"]}}],"collection":[{"href":"https:\/\/doctor100.vn\/en\/wp-json\/wp\/v2\/pages"}],"about":[{"href":"https:\/\/doctor100.vn\/en\/wp-json\/wp\/v2\/types\/page"}],"author":[{"embeddable":true,"href":"https:\/\/doctor100.vn\/en\/wp-json\/wp\/v2\/users\/1"}],"replies":[{"embeddable":true,"href":"https:\/\/doctor100.vn\/en\/wp-json\/wp\/v2\/comments?post=10254"}],"version-history":[{"count":0,"href":"https:\/\/doctor100.vn\/en\/wp-json\/wp\/v2\/pages\/10254\/revisions"}],"wp:attachment":[{"href":"https:\/\/doctor100.vn\/en\/wp-json\/wp\/v2\/media?parent=10254"}],"wp:term":[{"taxonomy":"yst_prominent_words","embeddable":true,"href":"https:\/\/doctor100.vn\/en\/wp-json\/wp\/v2\/yst_prominent_words?post=10254"}],"curies":[{"name":"wp","href":"https:\/\/api.w.org\/{rel}","templated":true}]}}