{"id":10250,"date":"2023-08-02T07:50:43","date_gmt":"2023-08-02T07:50:43","guid":{"rendered":"https:\/\/doctor100.vn\/?page_id=10250"},"modified":"2023-08-03T03:46:35","modified_gmt":"2023-08-03T03:46:35","slug":"company-news","status":"publish","type":"page","link":"https:\/\/doctor100.vn\/en\/activity\/company-news\/","title":{"rendered":"Company News"},"content":{"rendered":"\t\t<div data-elementor-type=\"wp-page\" data-elementor-id=\"10250\" class=\"elementor elementor-10250 elementor-10135\">\n\t\t\t\t\t\t\t<div class=\"elementor-element elementor-element-1cd6387 e-flex e-con-boxed e-con e-parent\" data-id=\"1cd6387\" data-element_type=\"container\" data-settings=\"{&quot;content_width&quot;:&quot;boxed&quot;}\" data-core-v316-plus=\"true\">\n\t\t\t\t\t<div class=\"e-con-inner\">\n\t\t\t\t<div class=\"elementor-element elementor-element-357e84a elementor-widget elementor-widget-bzotech-posts\" data-id=\"357e84a\" data-element_type=\"widget\" data-widget_type=\"bzotech-posts.default\">\n\t\t\t\t<div class=\"elementor-widget-container\">\n\t\t\t<div data-column-grid=\"\" class=\"elbzotech-posts-wrap js-content-wrap blog-list-view   blog-list-post-item-style2\" data-column=\"3\" data-column-widescreen=\"\" data-column-laptop=\"\" data-column-tablet-extra=\"\" data-column-tablet=\"\" data-column-mobile-extra=\"\" data-column-mobile=\"\">\t<div class=\"js-content-main list-post-wrap bzotech-row\">    \t<div class=\"bzotech-col-md-12\">\r\n    <div class=\"item-post item-list-post-style2 flex_wrap-wrap flex-wrapper align_items-center\">\r\n                    <div class=\"post-thumb \">\r\n                <a class=\"adv-thumb-link elementor-animation-\" href=\"https:\/\/doctor100.vn\/en\/welcome-spring-binh-bring-home-fortune\/\">\r\n                    <img decoding=\"async\" width=\"266\" height=\"266\" src=\"https:\/\/doctor100.vn\/wp-content\/uploads\/2023\/08\/luyentapdoctor100570x285-266x266-1.jpg\" class=\"attachment-full size-full wp-post-image\" alt=\"\" srcset=\"https:\/\/doctor100.vn\/wp-content\/uploads\/2023\/08\/luyentapdoctor100570x285-266x266-1.jpg 266w, https:\/\/doctor100.vn\/wp-content\/uploads\/2023\/08\/luyentapdoctor100570x285-266x266-1-150x150.jpg 150w\" sizes=\"(max-width: 266px) 100vw, 266px\" \/>                <\/a>\r\n                                    <ul class=\"list-inline-block post-meta-data meta-post-style1\">\r\n                                                            <li class=\"meta-item meta-cats\">  \r\n                                            <div class=\"inline-block\">\r\n                                                <i class=\"las la-folder-open\"><\/i>                          \r\n                                                <a href=\"https:\/\/doctor100.vn\/en\/danh-muc\/company-news\/\" rel=\"category tag\">Company News<\/a>                                            <\/div>\r\n                                                                                    <\/li>\r\n                                    \r\n                                    <\/ul>\r\n                            <\/div>\r\n                    <div class=\"post-info\">\r\n                <div class=\"post-info2\">\r\n                                       <ul class=\"list-inline-block post-meta-data meta-post-style1\">\r\n                                                        <li class=\"meta-item avata\">\r\n                                        <div class=\"inline-block\">\r\n                                            <i class=\"las la-user hidden\"><\/i>By:                                             <a href=\"https:\/\/doctor100.vn\/en\/author\/americahealth\/\">                                                                                        \r\n                                                <span class=\"name\">quantri<\/span>\r\n                                                    \r\n                                            <\/a>\r\n                                        <\/div>\r\n                                        <span class=\"split\"><\/span>                                    <\/li>\r\n                                                                        <li class=\"meta-item meta-date\">\r\n                                        <div class=\"inline-block\">\r\n                                            <i class=\"lar la-calendar hidden\"><\/i>\r\n                                            <span>3 August, 2023<\/span>\r\n                                        <\/div>\r\n                                                                            <\/li>\r\n                                    <\/ul>\r\n                                    <h3 class=\"title20 post-title font-semibold \"><a class=\" color-title\" href=\"https:\/\/doctor100.vn\/en\/welcome-spring-binh-bring-home-fortune\/\">Welcome spring Binh Than &#8211; bring home fortune <\/a><\/h3>                    \r\n                    <p class=\"desc title16\">The DOCTOR100 Spine Roller is a combination of healing methods that have been applied in the world: The principle of hip and spine correction of Yumeiho therapy (Japan), Method of affecting the meridian system Traditional Chinese medicine and Western Medicine&#8217;s method of impacting reflex points on the soles of the feet and hands. Practitioners self-manipulate [&hellip;]<\/p>\r\n                                            <div class=\"readmore-wrap\">\r\n                            <a href=\"https:\/\/doctor100.vn\/en\/welcome-spring-binh-bring-home-fortune\/\" class=\"elbzotech-bt-style4\">\r\n                                                                Xem th\u00eam                                                    \r\n                            <\/a>\r\n                        <\/div>\r\n                                    <\/div>\r\n            <\/div>\r\n    <\/div>\r\n<\/div>\t<\/div>\r\n\t    <div class=\"pagi-nav-block text-center\">\r\n\t    <div class=\"pagi-nav\">\r\n\t        \t    <\/div>\r\n    <\/div>\r\n<\/div>\t\t<\/div>\n\t\t\t\t<\/div>\n\t\t\t\t\t<\/div>\n\t\t\t\t<\/div>\n\t\t\t\t\t\t\t<\/div>\n\t\t","protected":false},"excerpt":{"rendered":"<p>Company News, Gi\u1edbi thi\u1ec7u By: Doctor100 25 Th\u00e1ng N\u0103m, 2023 H\u1ed9i th\u1ea3o gi\u1edbi thi\u1ec7u con l\u0103n Doctor100 t\u1ea1i c\u00e2u l\u1ea1c b\u1ed9 ph\u01b0\u1eddng D\u1ecbch V\u1ecdng H\u1eadu Ng\u00e0y 25\/06\/2010 Trung t\u00e2m con l\u0103n t\u1ed5 ch\u1ee9c h\u1ed9i th\u1ea3o t\u1ea1i c\u00e2u l\u1ea1c b\u1ed9 ph\u01b0\u1eddng D\u1ecbch V\u1ecdng H\u1eadu. Tr\u00ean 100 th\u00e0nh vi\u00ean c\u1ee7a h\u1ed9i ph\u1ee5 n\u1eef ph\u01b0\u1eddng tham gia cu\u1ed9c [&hellip;]<\/p>\n","protected":false},"author":1,"featured_media":0,"parent":10248,"menu_order":0,"comment_status":"closed","ping_status":"closed","template":"","meta":{"footnotes":""},"yst_prominent_words":[],"class_list":["post-10250","page","type-page","status-publish","hentry"],"_links":{"self":[{"href":"https:\/\/doctor100.vn\/en\/wp-json\/wp\/v2\/pages\/10250","targetHints":{"allow":["GET"]}}],"collection":[{"href":"https:\/\/doctor100.vn\/en\/wp-json\/wp\/v2\/pages"}],"about":[{"href":"https:\/\/doctor100.vn\/en\/wp-json\/wp\/v2\/types\/page"}],"author":[{"embeddable":true,"href":"https:\/\/doctor100.vn\/en\/wp-json\/wp\/v2\/users\/1"}],"replies":[{"embeddable":true,"href":"https:\/\/doctor100.vn\/en\/wp-json\/wp\/v2\/comments?post=10250"}],"version-history":[{"count":0,"href":"https:\/\/doctor100.vn\/en\/wp-json\/wp\/v2\/pages\/10250\/revisions"}],"up":[{"embeddable":true,"href":"https:\/\/doctor100.vn\/en\/wp-json\/wp\/v2\/pages\/10248"}],"wp:attachment":[{"href":"https:\/\/doctor100.vn\/en\/wp-json\/wp\/v2\/media?parent=10250"}],"wp:term":[{"taxonomy":"yst_prominent_words","embeddable":true,"href":"https:\/\/doctor100.vn\/en\/wp-json\/wp\/v2\/yst_prominent_words?post=10250"}],"curies":[{"name":"wp","href":"https:\/\/api.w.org\/{rel}","templated":true}]}}